{"id":3,"date":"2021-01-06T23:40:31","date_gmt":"2021-01-06T23:40:31","guid":{"rendered":"https:\/\/www.grupogts.mx\/?page_id=3"},"modified":"2023-02-21T17:38:25","modified_gmt":"2023-02-21T17:38:25","slug":"privacy-policy","status":"publish","type":"page","link":"https:\/\/www.grupogts.mx\/index.php\/privacy-policy\/","title":{"rendered":"Privacy Policy"},"content":{"rendered":"\t\t<div data-elementor-type=\"wp-page\" data-elementor-id=\"3\" class=\"elementor elementor-3\">\n\t\t\t\t\t\t<section class=\"elementor-section elementor-top-section elementor-element elementor-element-7a4d49ae elementor-section-boxed elementor-section-height-default elementor-section-height-default\" data-id=\"7a4d49ae\" data-element_type=\"section\">\n\t\t\t\t\t\t<div class=\"elementor-container elementor-column-gap-default\">\n\t\t\t\t\t<div class=\"aux-parallax-section elementor-column elementor-col-100 elementor-top-column elementor-element elementor-element-182e8341\" data-id=\"182e8341\" data-element_type=\"column\">\n\t\t\t<div class=\"elementor-widget-wrap elementor-element-populated\">\n\t\t\t\t\t\t<div class=\"elementor-element elementor-element-39af99ce elementor-widget elementor-widget-text-editor\" data-id=\"39af99ce\" data-element_type=\"widget\" data-widget_type=\"text-editor.default\">\n\t\t\t\t<div class=\"elementor-widget-container\">\n\t\t\t\t\t\t\t\t\t\n<p><strong>AVISO DE PRIVACIDAD<\/strong><\/p>\n<p>Grupo GTS Aduanas y Servicios S.C., sus empresas afiliadas y subsidiarias, con domicilio en Privada Nayarit 1457, Colonia Madero, Nuevo Laredo, Tamaulipas. C.P. 88270. En cumplimiento a lo establecido en el Art\u00edculo 17, fracci\u00f3n II de la Ley Federal de Protecci\u00f3n de Datos Personales en Posesi\u00f3n de los Particulares y su reglamento hace de su conocimiento que los datos personales ser\u00e1n recabados, tratados y utilizados con el prop\u00f3sito de cumplir con las obligaciones que se derivan de la relaci\u00f3n comercial que existe entre Usted como Titular de los Datos Personales y nuestras empresas.<\/p>\n<p>\u00a0<\/p>\n<p>Su informaci\u00f3n personal tiene como finalidad:<\/p>\n<p>\u00a0<\/p>\n<p>1)\u00a0\u00a0\u00a0\u00a0\u00a0\u00a0\u00a0\u00a0\u00a0\u00a0\u00a0 Proveer de los servicios que ha encomendado y\/o solicitado a nuestra empresa.<\/p>\n<p>2)\u00a0\u00a0\u00a0\u00a0\u00a0\u00a0\u00a0\u00a0\u00a0\u00a0\u00a0 El env\u00edo de informaci\u00f3n relacionada con sus operaciones de despacho aduanal o de log\u00edstica.<\/p>\n<p>3)\u00a0\u00a0\u00a0\u00a0\u00a0\u00a0\u00a0\u00a0\u00a0\u00a0\u00a0 El env\u00edo de informaci\u00f3n relevante a la prestaci\u00f3n de nuestros servicios.<\/p>\n<p>4)\u00a0\u00a0\u00a0\u00a0\u00a0\u00a0\u00a0\u00a0\u00a0\u00a0\u00a0 La recopilaci\u00f3n y resguardo de la informaci\u00f3n que el Agente Aduanal requiere de acuerdo con lo establecido en la legislaci\u00f3n aduanera.<\/p>\n<p>5)\u00a0\u00a0\u00a0\u00a0\u00a0\u00a0\u00a0\u00a0\u00a0\u00a0\u00a0 Evaluar la calidad del servicio.<\/p>\n<p>6)\u00a0\u00a0\u00a0\u00a0\u00a0\u00a0\u00a0\u00a0\u00a0\u00a0\u00a0 Cualquier actividad que est\u00e9 relacionada con el objeto social de la empresa.<\/p>\n<p>\u00a0<\/p>\n<p>Por lo tanto y para alcanzar la finalidad antes expuesta, se tratar\u00e1n los siguientes datos personales:<\/p>\n<p>\u00a0<\/p>\n<p>1)\u00a0\u00a0\u00a0\u00a0\u00a0\u00a0\u00a0\u00a0\u00a0\u00a0\u00a0 Nombre de la persona f\u00edsica o del representante legal.<\/p>\n<p>2)\u00a0\u00a0\u00a0\u00a0\u00a0\u00a0\u00a0\u00a0\u00a0\u00a0\u00a0 RFC de la persona f\u00edsica o del representante legal.<\/p>\n<p>3)\u00a0\u00a0\u00a0\u00a0\u00a0\u00a0\u00a0\u00a0\u00a0\u00a0\u00a0 CURP de la persona f\u00edsica o del representante legal.<\/p>\n<p>4)\u00a0\u00a0\u00a0\u00a0\u00a0\u00a0\u00a0\u00a0\u00a0\u00a0\u00a0 Domicilio Fiscal y Comprobante de Domicilio (documentos que lo acrediten)<\/p>\n<p>5)\u00a0\u00a0\u00a0\u00a0\u00a0\u00a0\u00a0\u00a0\u00a0\u00a0\u00a0 Identificaci\u00f3n oficial de la persona f\u00edsica o del representante legal.<\/p>\n<p>6)\u00a0\u00a0\u00a0\u00a0\u00a0\u00a0\u00a0\u00a0\u00a0\u00a0\u00a0 N\u00famero telef\u00f3nico.<\/p>\n<p>\u00a0<\/p>\n<p>Grupo GTS Aduanas y Servicios S.C., sus empresas afiliadas y subsidiarias, no solicitan datos personales sensibles. Usted podr\u00e1 limitar el uso o divulgaci\u00f3n de sus datos personales mediante comunicaci\u00f3n dirigida a Recursos Humanos al correo electr\u00f3nico siguiente: talento@grupogts.mx o a los tel\u00e9fonos (867) 203 04 51 Ext.504.<\/p>\n<h3 class=\"wp-block-heading\">Usted tendr\u00e1 derecho de:<\/h3>\n<p><strong>\u00a0<\/strong><\/p>\n<ul>\n<li>Acceder a sus datos personales en nuestro poder y conocer los detalles del tratamiento de estos,<\/li>\n<li>Rectificarlos en caso de ser inexactos o incompletos,<\/li>\n<li>Cancelarlos cuando considere que no se requieren para alguna de las finalidades se\u00f1aladas en el presente aviso de privacidad, est\u00e9n siendo utilizados para finalidades no consentidas o haya finalizado la relaci\u00f3n contractual o de servicio,<\/li>\n<li>Oponerse al tratamiento de estos para fines espec\u00edficos, seg\u00fan lo diga la ley, (conjuntamente, los \u201cDerechos ARCO\u201d).<\/li>\n<\/ul>\n<p>\u00a0<\/p>\n<p>Para revocar su consentimiento para el tratamiento de sus datos personales por <strong>Grupo GTS Aduanas y Servicios <\/strong><strong>S.C.<\/strong>, y el ejercicio de sus Derechos ARCO, deber\u00e1 presentar una solicitud a cu\u00e1l deber\u00e1 enviar a <a href=\"mailto:talento@grupogts.mx\">talento@grupogts.mx<\/a> acompa\u00f1ada de la siguiente informaci\u00f3n y documentaci\u00f3n:<\/p>\n<p>\u00a0<\/p>\n<ul>\n<li>Su nombre, domicilio y correo electr\u00f3nico.<\/li>\n<li>Los documentos que acrediten su identidad (mediante identificaci\u00f3n oficial mexicana) o en su caso los documentos que acrediten su representaci\u00f3n<\/li>\n<li>Una descripci\u00f3n clara y precisa de los datos personales respecto de los cuales busca ejercer alguno de los Derechos<\/li>\n<\/ul>\n<p>\u00a0<\/p>\n<p>Grupo GTS Aduanas y Servicios S.C. responder\u00e1 su Solicitud ARCO y los motivos de su decisi\u00f3n mediante un correo electr\u00f3nico en un plazo m\u00e1ximo de 10 d\u00edas h\u00e1biles posteriores a la recepci\u00f3n, los cambios solicitados se har\u00e1n en un plazo m\u00e1ximo de 15 d\u00edas h\u00e1biles.<\/p>\n<p>\u00a0<\/p>\n<p><strong>Grupo GTS Aduanas y Servicios S.C.<\/strong>, podr\u00e1 negar el acceso para que Usted ejerza sus Derechos ARCO en los siguientes supuestos:<\/p>\n<p>\u00a0<\/p>\n<ul>\n<li>Cuando Usted no sea el titular de los datos personales, o no pueda acreditar la representaci\u00f3n del titular;<\/li>\n<li>Cuando sus datos personales no obren en la base de datos de <strong>Grupo GTS Aduanas y Servicios C.<\/strong>,<\/li>\n<li>Cuando se lesionen los derechos de un tercero;<\/li>\n<li>Cuando exista un impedimento legal o la resoluci\u00f3n de una autoridad competente, que restrinja sus Derechos ARCO, y;<\/li>\n<li>Cuando la rectificaci\u00f3n, cancelaci\u00f3n u oposici\u00f3n haya sido previamente<\/li>\n<\/ul>\n<p>\u00a0<\/p>\n<p>\u00a0<\/p>\n<p>En caso de que ocurra una vulneraci\u00f3n de seguridad en cualquier fase del tratamiento de datos personales que afecte de forma significativa sus derechos patrimoniales o morales, el departamento de <em>Recursos Humanos, <\/em>le comunicar\u00e1 de forma inmediata por correo electr\u00f3nico para que Usted pueda tomar las medidas necesarias correspondientes para la defensa de sus derechos.<\/p>\n<p>\u00a0<\/p>\n<p><strong>Grupo GTS Aduanas y Servicios S.C.<\/strong>, <em>se reserva el derecho de efectuar en cualquier momento modificaciones o actualizaciones al presente aviso de privacidad, en el entendido de que toda modificaci\u00f3n al mismo podr\u00e1 ser <\/em><em>consultada por Usted en nuestro portal de internet <\/em><a href=\"http:\/\/www.grupogts.mx\/\">www.grupogts.mx<\/a> <em>Asimismo cualquier duda con la presente Ley agradeceremos nos la haga saber a <\/em><a href=\"mailto:talento@grupogts.mx\">talento@grupogts.mx<em>.<\/em><\/a><\/p>\n<p>\u00a0<\/p>\n\t\t\t\t\t\t\t\t<\/div>\n\t\t\t\t<\/div>\n\t\t\t\t\t<\/div>\n\t\t<\/div>\n\t\t\t\t\t<\/div>\n\t\t<\/section>\n\t\t\t\t<\/div>\n\t\t","protected":false},"excerpt":{"rendered":"<p>AVISO DE PRIVACIDAD Grupo GTS Aduanas y Servicios S.C., sus empresas afiliadas y subsidiarias, con domicilio en Privada Nayarit 1457, Colonia Madero, Nuevo Laredo, Tamaulipas. C.P. 88270. En cumplimiento a lo establecido en el Art\u00edculo 17, fracci\u00f3n II de la Ley Federal de Protecci\u00f3n de Datos Personales en Posesi\u00f3n de los Particulares y su reglamento [&hellip;]<\/p>\n","protected":false},"author":1,"featured_media":0,"parent":0,"menu_order":0,"comment_status":"closed","ping_status":"closed","template":"","meta":{"footnotes":""},"class_list":["post-3","page","type-page","status-publish","hentry"],"_links":{"self":[{"href":"https:\/\/www.grupogts.mx\/index.php\/wp-json\/wp\/v2\/pages\/3","targetHints":{"allow":["GET"]}}],"collection":[{"href":"https:\/\/www.grupogts.mx\/index.php\/wp-json\/wp\/v2\/pages"}],"about":[{"href":"https:\/\/www.grupogts.mx\/index.php\/wp-json\/wp\/v2\/types\/page"}],"author":[{"embeddable":true,"href":"https:\/\/www.grupogts.mx\/index.php\/wp-json\/wp\/v2\/users\/1"}],"replies":[{"embeddable":true,"href":"https:\/\/www.grupogts.mx\/index.php\/wp-json\/wp\/v2\/comments?post=3"}],"version-history":[{"count":6,"href":"https:\/\/www.grupogts.mx\/index.php\/wp-json\/wp\/v2\/pages\/3\/revisions"}],"predecessor-version":[{"id":355,"href":"https:\/\/www.grupogts.mx\/index.php\/wp-json\/wp\/v2\/pages\/3\/revisions\/355"}],"wp:attachment":[{"href":"https:\/\/www.grupogts.mx\/index.php\/wp-json\/wp\/v2\/media?parent=3"}],"curies":[{"name":"wp","href":"https:\/\/api.w.org\/{rel}","templated":true}]}}